{"id":6663,"date":"2026-02-22T14:35:09","date_gmt":"2026-02-22T17:35:09","guid":{"rendered":"https:\/\/upbrands.agency\/politica-de-calidad-copy\/"},"modified":"2026-02-22T14:37:13","modified_gmt":"2026-02-22T17:37:13","slug":"politica-de-sustentabilidad","status":"publish","type":"page","link":"https:\/\/upbrands.agency\/en\/politica-de-sustentabilidad\/","title":{"rendered":"Pol\u00edtica de Sustentabilidad"},"content":{"rendered":"<section class=\"section intro texto\">\n    <div class=\"md:px-9\">\n        <p class=\"head\">\n            Nuestras pol\u00edticas\n        <\/p>\n        <h1>\n            Pol\u00edtica de sustentabilidad\n        <\/h1>\n    \n        <div class=\"py-11\">\n            <p><b>UPBRANDS S.R.L.<\/b><span style=\"font-weight: 400;\">, empresa que produce y comercializa productos digitales y performance marketing, ha decidido adoptar la presente Politica de Sustentabilidad como una decisi\u00f3n estrat\u00e9gica de la empresa.<\/span><\/p>\n<p><span style=\"font-weight: 400;\">Por ello asumimos el compromiso de:<\/span><\/p>\n<ol>\n<li style=\"font-weight: 400;\" aria-level=\"1\"><b>USO RESPONSABLE DE LOS RECURSOS<\/b><\/li>\n<\/ol>\n<p><span style=\"font-weight: 400;\">Realizar un uso eficiente de los recursos naturales, asegurando que no se agoten r\u00e1pidamente y que se puedan regenerar<\/span><\/p>\n<ol>\n<li style=\"font-weight: 400;\" aria-level=\"1\"><b>PRESERVAR EL MEDIO AMBIENTE<\/b><\/li>\n<\/ol>\n<p><span style=\"font-weight: 400;\">Buscamos minimizar el impacto ambiental de las actividades humanas, protegiendo la biodiversidad y los ecosistemas.\u00a0<\/span><\/p>\n<ol>\n<li style=\"font-weight: 400;\" aria-level=\"1\"><b>EQUILIBRIO ENTRE LO ECON\u00d3MICO, SOCIAL Y AMBIENTAL<\/b><\/li>\n<\/ol>\n<p><span style=\"font-weight: 400;\">Nos esforzamos d\u00eda a d\u00eda en considerar que el desarrollo econ\u00f3mico debe ser compatible con el bienestar social y la preservaci\u00f3n del medio ambiente, creando un equilibrio que permita un futuro sostenible<\/span><\/p>\n<ol>\n<li style=\"font-weight: 400;\" aria-level=\"1\"><b>HERENCIA PARA LAS FUTURAS GENERACIONES:<\/b><span style=\"font-weight: 400;\">\u00a0<\/span><\/li>\n<\/ol>\n<p><span style=\"font-weight: 400;\">Buscamos asegurar que las necesidades de las generaciones presentes no comprometan las oportunidades de las futuras generaciones\u00a0\u00a0\u00a0\u00a0\u00a0\u00a0\u00a0\u00a0\u00a0\u00a0\u00a0\u00a0\u00a0\u00a0\u00a0\u00a0\u00a0\u00a0\u00a0\u00a0\u00a0<\/span><\/p>\n<p class=\"p4\"><b>Ignacio Spaventa<br \/>\n<\/b><b><\/b>Director<\/p>\n\n        <\/div>\n        \n    <\/div>\n<\/section>","protected":false},"excerpt":{"rendered":"","protected":false},"author":1,"featured_media":0,"parent":0,"menu_order":0,"comment_status":"closed","ping_status":"closed","template":"front.php","meta":{"_acf_changed":false,"_joinchat":[],"footnotes":""},"class_list":["post-6663","page","type-page","status-publish","hentry"],"acf":[],"yoast_head":"<!-- This site is optimized with the Yoast SEO plugin v23.5 - https:\/\/yoast.com\/wordpress\/plugins\/seo\/ -->\n<title>Pol\u00edtica de Sustentabilidad - UPBRANDS<\/title>\n<meta name=\"description\" content=\"Nuestra pol\u00edtica de sustentabilidad es el marco que gu\u00eda cada uno de nuestros proyectos. Nos impulsa a mejorar constantemente.\" \/>\n<meta name=\"robots\" content=\"index, follow, max-snippet:-1, max-image-preview:large, max-video-preview:-1\" \/>\n<link rel=\"canonical\" href=\"https:\/\/upbrands.agency\/en\/politica-de-sustentabilidad\/\" \/>\n<meta property=\"og:locale\" content=\"en_US\" \/>\n<meta property=\"og:type\" content=\"article\" \/>\n<meta property=\"og:title\" content=\"Pol\u00edtica de Sustentabilidad - UPBRANDS\" \/>\n<meta property=\"og:description\" content=\"Nuestra pol\u00edtica de sustentabilidad es el marco que gu\u00eda cada uno de nuestros proyectos. Nos impulsa a mejorar constantemente.\" \/>\n<meta property=\"og:url\" content=\"https:\/\/upbrands.agency\/en\/politica-de-sustentabilidad\/\" \/>\n<meta property=\"og:site_name\" content=\"UPBRANDS\" \/>\n<meta property=\"article:modified_time\" content=\"2026-02-22T17:37:13+00:00\" \/>\n<meta name=\"twitter:card\" content=\"summary_large_image\" \/>\n<script type=\"application\/ld+json\" class=\"yoast-schema-graph\">{\"@context\":\"https:\/\/schema.org\",\"@graph\":[{\"@type\":\"WebPage\",\"@id\":\"https:\/\/upbrands.agency\/politica-de-sustentabilidad\/\",\"url\":\"https:\/\/upbrands.agency\/politica-de-sustentabilidad\/\",\"name\":\"Pol\u00edtica de Sustentabilidad - UPBRANDS\",\"isPartOf\":{\"@id\":\"https:\/\/upbrands.agency\/#website\"},\"datePublished\":\"2026-02-22T17:35:09+00:00\",\"dateModified\":\"2026-02-22T17:37:13+00:00\",\"description\":\"Nuestra pol\u00edtica de sustentabilidad es el marco que gu\u00eda cada uno de nuestros proyectos. Nos impulsa a mejorar constantemente.\",\"breadcrumb\":{\"@id\":\"https:\/\/upbrands.agency\/politica-de-sustentabilidad\/#breadcrumb\"},\"inLanguage\":\"en-US\",\"potentialAction\":[{\"@type\":\"ReadAction\",\"target\":[\"https:\/\/upbrands.agency\/politica-de-sustentabilidad\/\"]}]},{\"@type\":\"BreadcrumbList\",\"@id\":\"https:\/\/upbrands.agency\/politica-de-sustentabilidad\/#breadcrumb\",\"itemListElement\":[{\"@type\":\"ListItem\",\"position\":1,\"name\":\"Home\",\"item\":\"https:\/\/upbrands.agency\/\"},{\"@type\":\"ListItem\",\"position\":2,\"name\":\"Pol\u00edtica de Sustentabilidad\"}]},{\"@type\":\"WebSite\",\"@id\":\"https:\/\/upbrands.agency\/#website\",\"url\":\"https:\/\/upbrands.agency\/\",\"name\":\"UPBRANDS\",\"description\":\"Productos digitales que marcan la diferencia\",\"publisher\":{\"@id\":\"https:\/\/upbrands.agency\/#organization\"},\"potentialAction\":[{\"@type\":\"SearchAction\",\"target\":{\"@type\":\"EntryPoint\",\"urlTemplate\":\"https:\/\/upbrands.agency\/?s={search_term_string}\"},\"query-input\":{\"@type\":\"PropertyValueSpecification\",\"valueRequired\":true,\"valueName\":\"search_term_string\"}}],\"inLanguage\":\"en-US\"},{\"@type\":\"Organization\",\"@id\":\"https:\/\/upbrands.agency\/#organization\",\"name\":\"UPBRANDS S.R.L.\",\"url\":\"https:\/\/upbrands.agency\/\",\"logo\":{\"@type\":\"ImageObject\",\"inLanguage\":\"en-US\",\"@id\":\"https:\/\/upbrands.agency\/#\/schema\/logo\/image\/\",\"url\":\"https:\/\/upbrands.agency\/app\/uploads\/2025\/03\/upbrands.svg\",\"contentUrl\":\"https:\/\/upbrands.agency\/app\/uploads\/2025\/03\/upbrands.svg\",\"caption\":\"UPBRANDS S.R.L.\"},\"image\":{\"@id\":\"https:\/\/upbrands.agency\/#\/schema\/logo\/image\/\"},\"sameAs\":[\"https:\/\/instagram.com\/upbrands.agency\",\"https:\/\/clutch.co\/profile\/upbrands\",\"https:\/\/linkedin.com\/company\/upbrands\"]}]}<\/script>\n<!-- \/ Yoast SEO plugin. -->","yoast_head_json":{"title":"Pol\u00edtica de Sustentabilidad - UPBRANDS","description":"Nuestra pol\u00edtica de sustentabilidad es el marco que gu\u00eda cada uno de nuestros proyectos. Nos impulsa a mejorar constantemente.","robots":{"index":"index","follow":"follow","max-snippet":"max-snippet:-1","max-image-preview":"max-image-preview:large","max-video-preview":"max-video-preview:-1"},"canonical":"https:\/\/upbrands.agency\/en\/politica-de-sustentabilidad\/","og_locale":"en_US","og_type":"article","og_title":"Pol\u00edtica de Sustentabilidad - UPBRANDS","og_description":"Nuestra pol\u00edtica de sustentabilidad es el marco que gu\u00eda cada uno de nuestros proyectos. Nos impulsa a mejorar constantemente.","og_url":"https:\/\/upbrands.agency\/en\/politica-de-sustentabilidad\/","og_site_name":"UPBRANDS","article_modified_time":"2026-02-22T17:37:13+00:00","twitter_card":"summary_large_image","schema":{"@context":"https:\/\/schema.org","@graph":[{"@type":"WebPage","@id":"https:\/\/upbrands.agency\/politica-de-sustentabilidad\/","url":"https:\/\/upbrands.agency\/politica-de-sustentabilidad\/","name":"Pol\u00edtica de Sustentabilidad - UPBRANDS","isPartOf":{"@id":"https:\/\/upbrands.agency\/#website"},"datePublished":"2026-02-22T17:35:09+00:00","dateModified":"2026-02-22T17:37:13+00:00","description":"Nuestra pol\u00edtica de sustentabilidad es el marco que gu\u00eda cada uno de nuestros proyectos. Nos impulsa a mejorar constantemente.","breadcrumb":{"@id":"https:\/\/upbrands.agency\/politica-de-sustentabilidad\/#breadcrumb"},"inLanguage":"en-US","potentialAction":[{"@type":"ReadAction","target":["https:\/\/upbrands.agency\/politica-de-sustentabilidad\/"]}]},{"@type":"BreadcrumbList","@id":"https:\/\/upbrands.agency\/politica-de-sustentabilidad\/#breadcrumb","itemListElement":[{"@type":"ListItem","position":1,"name":"Home","item":"https:\/\/upbrands.agency\/"},{"@type":"ListItem","position":2,"name":"Pol\u00edtica de Sustentabilidad"}]},{"@type":"WebSite","@id":"https:\/\/upbrands.agency\/#website","url":"https:\/\/upbrands.agency\/","name":"UPBRANDS","description":"Productos digitales que marcan la diferencia","publisher":{"@id":"https:\/\/upbrands.agency\/#organization"},"potentialAction":[{"@type":"SearchAction","target":{"@type":"EntryPoint","urlTemplate":"https:\/\/upbrands.agency\/?s={search_term_string}"},"query-input":{"@type":"PropertyValueSpecification","valueRequired":true,"valueName":"search_term_string"}}],"inLanguage":"en-US"},{"@type":"Organization","@id":"https:\/\/upbrands.agency\/#organization","name":"UPBRANDS S.R.L.","url":"https:\/\/upbrands.agency\/","logo":{"@type":"ImageObject","inLanguage":"en-US","@id":"https:\/\/upbrands.agency\/#\/schema\/logo\/image\/","url":"https:\/\/upbrands.agency\/app\/uploads\/2025\/03\/upbrands.svg","contentUrl":"https:\/\/upbrands.agency\/app\/uploads\/2025\/03\/upbrands.svg","caption":"UPBRANDS S.R.L."},"image":{"@id":"https:\/\/upbrands.agency\/#\/schema\/logo\/image\/"},"sameAs":["https:\/\/instagram.com\/upbrands.agency","https:\/\/clutch.co\/profile\/upbrands","https:\/\/linkedin.com\/company\/upbrands"]}]}},"_links":{"self":[{"href":"https:\/\/upbrands.agency\/en\/wp-json\/wp\/v2\/pages\/6663"}],"collection":[{"href":"https:\/\/upbrands.agency\/en\/wp-json\/wp\/v2\/pages"}],"about":[{"href":"https:\/\/upbrands.agency\/en\/wp-json\/wp\/v2\/types\/page"}],"author":[{"embeddable":true,"href":"https:\/\/upbrands.agency\/en\/wp-json\/wp\/v2\/users\/1"}],"replies":[{"embeddable":true,"href":"https:\/\/upbrands.agency\/en\/wp-json\/wp\/v2\/comments?post=6663"}],"version-history":[{"count":2,"href":"https:\/\/upbrands.agency\/en\/wp-json\/wp\/v2\/pages\/6663\/revisions"}],"predecessor-version":[{"id":6665,"href":"https:\/\/upbrands.agency\/en\/wp-json\/wp\/v2\/pages\/6663\/revisions\/6665"}],"wp:attachment":[{"href":"https:\/\/upbrands.agency\/en\/wp-json\/wp\/v2\/media?parent=6663"}],"curies":[{"name":"wp","href":"https:\/\/api.w.org\/{rel}","templated":true}]}}