{"id":191,"date":"2025-03-26T17:54:38","date_gmt":"2025-03-26T20:54:38","guid":{"rendered":"https:\/\/upbrands.agency\/?page_id=191"},"modified":"2026-02-22T14:34:42","modified_gmt":"2026-02-22T17:34:42","slug":"politica-de-calidad","status":"publish","type":"page","link":"https:\/\/upbrands.agency\/en\/politica-de-calidad\/","title":{"rendered":"Quality Policy"},"content":{"rendered":"<section class=\"section intro texto\">\n    <div class=\"md:px-9\">\n        <p class=\"head\">\n            Nuestras pol\u00edticas\n        <\/p>\n        <h1>\n            Quality Policy\n        <\/h1>\n    \n        <div class=\"py-11\">\n            <p><b>UPBRANDS S.R.L.<\/b><span style=\"font-weight: 400;\">, <\/span><span style=\"font-weight: 400;\">empresa que produce y comercializa productos digitales y performance marketing, ha decidido adoptar el Sistema de Gesti\u00f3n de la Calidad ISO 9001 como una decisi\u00f3n estrat\u00e9gica de la empresa.<\/span><\/p>\n<ul>\n<li style=\"font-weight: 400;\" aria-level=\"1\"><span style=\"font-weight: 400;\">Nos hemos dispuesto a alcanzar y mantener los m\u00e1s altos est\u00e1ndares en todos los aspectos de nuestras actividades y por lo tanto asumimos el compromiso de:<\/span><\/li>\n<li style=\"font-weight: 400;\" aria-level=\"1\"><span style=\"font-weight: 400;\">Satisfacer las necesidades de nuestros clientes brind\u00e1ndoles productos que cumplan con sus expectativas comprometi\u00e9ndonos con la mejora continua.<\/span><\/li>\n<li style=\"font-weight: 400;\" aria-level=\"1\"><span style=\"font-weight: 400;\">Mantener un entorno de trabajo en el cual las capacidades de nuestros empleados se desarrollen.\u00a0<\/span><\/li>\n<\/ul>\n<ul>\n<li style=\"font-weight: 400;\" aria-level=\"1\"><span style=\"font-weight: 400;\">Conducir nuestro negocio con honestidad e integridad aplicando los m\u00e1s altos est\u00e1ndares \u00e9ticos y respetando las leyes.\u00a0<\/span><\/li>\n<li style=\"font-weight: 400;\" aria-level=\"1\"><span style=\"font-weight: 400;\">La compa\u00f1\u00eda tiene en cuenta a las partes interesadas y mantiene comunicaciones con ellas cuando lo considera necesario<\/span><\/li>\n<li style=\"font-weight: 400;\" aria-level=\"1\"><span style=\"font-weight: 400;\">Priorizar la salud y la seguridad de nuestros empleados, cuidando el medio ambiente y promoviendo el bienestar de nuestros empleados y clientes.\u00a0<\/span><\/li>\n<li style=\"font-weight: 400;\" aria-level=\"1\"><span style=\"font-weight: 400;\">No utilizar mano de obra infantil en sus procesos internos y contratados.<\/span><\/li>\n<li style=\"font-weight: 400;\" aria-level=\"1\"><span style=\"font-weight: 400;\">Excluir la coerci\u00f3n y el acoso en las relaciones con sus trabajadores.<\/span><\/li>\n<li style=\"font-weight: 400;\" aria-level=\"1\"><span style=\"font-weight: 400;\">No discriminaci\u00f3n por razones de raza, religi\u00f3n, edad, nacionalidad, origen social o \u00e9tnico, orientaci\u00f3n sexual, g\u00e9nero, opini\u00f3n pol\u00edtica o discapacidad en los distintos \u00e1mbitos.<\/span><\/li>\n<li style=\"font-weight: 400;\" aria-level=\"1\"><span style=\"font-weight: 400;\">No utilizar mano de obra forzada o involuntaria, esclava o cualquier otra forma de trabajo forzado<\/span><\/li>\n<\/ul>\n<p class=\"p1\"><span style=\"font-weight: 400;\">Proveer al personal entrenamiento de manera de ofrecer a nuestros Clientes productos de calidad y un servicio profesional y eficiente<\/span><span style=\"font-weight: 400;\">.\u00a0 \u00a0 \u00a0 \u00a0 <\/span><\/p>\n<p class=\"p4\"><b>Ignacio Spaventa<\/b><b><\/b><\/p>\n<p class=\"p1\">Director<\/p>\n\n        <\/div>\n        \n    <\/div>\n<\/section>","protected":false},"excerpt":{"rendered":"","protected":false},"author":1,"featured_media":0,"parent":0,"menu_order":0,"comment_status":"closed","ping_status":"closed","template":"front.php","meta":{"_acf_changed":false,"_joinchat":[],"footnotes":""},"class_list":["post-191","page","type-page","status-publish","hentry"],"acf":[],"yoast_head":"<!-- This site is optimized with the Yoast SEO plugin v23.5 - https:\/\/yoast.com\/wordpress\/plugins\/seo\/ -->\n<title>Pol\u00edtica de calidad - UPBRANDS<\/title>\n<meta name=\"description\" content=\"Nuestra pol\u00edtica de calidad es el marco que gu\u00eda cada uno de nuestros proyectos. Nos impulsa a mejorar constantemente.\" \/>\n<meta name=\"robots\" content=\"index, follow, max-snippet:-1, max-image-preview:large, max-video-preview:-1\" \/>\n<link rel=\"canonical\" href=\"https:\/\/upbrands.agency\/en\/politica-de-calidad\/\" \/>\n<meta property=\"og:locale\" content=\"en_US\" \/>\n<meta property=\"og:type\" content=\"article\" \/>\n<meta property=\"og:title\" content=\"Pol\u00edtica de calidad - UPBRANDS\" \/>\n<meta property=\"og:description\" content=\"Nuestra pol\u00edtica de calidad es el marco que gu\u00eda cada uno de nuestros proyectos. Nos impulsa a mejorar constantemente.\" \/>\n<meta property=\"og:url\" content=\"https:\/\/upbrands.agency\/en\/politica-de-calidad\/\" \/>\n<meta property=\"og:site_name\" content=\"UPBRANDS\" \/>\n<meta property=\"article:modified_time\" content=\"2026-02-22T17:34:42+00:00\" \/>\n<meta name=\"twitter:card\" content=\"summary_large_image\" \/>\n<script type=\"application\/ld+json\" class=\"yoast-schema-graph\">{\"@context\":\"https:\/\/schema.org\",\"@graph\":[{\"@type\":\"WebPage\",\"@id\":\"https:\/\/upbrands.agency\/politica-de-calidad\/\",\"url\":\"https:\/\/upbrands.agency\/politica-de-calidad\/\",\"name\":\"Pol\u00edtica de calidad - UPBRANDS\",\"isPartOf\":{\"@id\":\"https:\/\/upbrands.agency\/#website\"},\"datePublished\":\"2025-03-26T20:54:38+00:00\",\"dateModified\":\"2026-02-22T17:34:42+00:00\",\"description\":\"Nuestra pol\u00edtica de calidad es el marco que gu\u00eda cada uno de nuestros proyectos. Nos impulsa a mejorar constantemente.\",\"breadcrumb\":{\"@id\":\"https:\/\/upbrands.agency\/politica-de-calidad\/#breadcrumb\"},\"inLanguage\":\"en-US\",\"potentialAction\":[{\"@type\":\"ReadAction\",\"target\":[\"https:\/\/upbrands.agency\/politica-de-calidad\/\"]}]},{\"@type\":\"BreadcrumbList\",\"@id\":\"https:\/\/upbrands.agency\/politica-de-calidad\/#breadcrumb\",\"itemListElement\":[{\"@type\":\"ListItem\",\"position\":1,\"name\":\"Home\",\"item\":\"https:\/\/upbrands.agency\/\"},{\"@type\":\"ListItem\",\"position\":2,\"name\":\"Pol\u00edtica de calidad\"}]},{\"@type\":\"WebSite\",\"@id\":\"https:\/\/upbrands.agency\/#website\",\"url\":\"https:\/\/upbrands.agency\/\",\"name\":\"UPBRANDS\",\"description\":\"Productos digitales que marcan la diferencia\",\"publisher\":{\"@id\":\"https:\/\/upbrands.agency\/#organization\"},\"potentialAction\":[{\"@type\":\"SearchAction\",\"target\":{\"@type\":\"EntryPoint\",\"urlTemplate\":\"https:\/\/upbrands.agency\/?s={search_term_string}\"},\"query-input\":{\"@type\":\"PropertyValueSpecification\",\"valueRequired\":true,\"valueName\":\"search_term_string\"}}],\"inLanguage\":\"en-US\"},{\"@type\":\"Organization\",\"@id\":\"https:\/\/upbrands.agency\/#organization\",\"name\":\"UPBRANDS S.R.L.\",\"url\":\"https:\/\/upbrands.agency\/\",\"logo\":{\"@type\":\"ImageObject\",\"inLanguage\":\"en-US\",\"@id\":\"https:\/\/upbrands.agency\/#\/schema\/logo\/image\/\",\"url\":\"https:\/\/upbrands.agency\/app\/uploads\/2025\/03\/upbrands.svg\",\"contentUrl\":\"https:\/\/upbrands.agency\/app\/uploads\/2025\/03\/upbrands.svg\",\"caption\":\"UPBRANDS S.R.L.\"},\"image\":{\"@id\":\"https:\/\/upbrands.agency\/#\/schema\/logo\/image\/\"},\"sameAs\":[\"https:\/\/instagram.com\/upbrands.agency\",\"https:\/\/clutch.co\/profile\/upbrands\",\"https:\/\/linkedin.com\/company\/upbrands\"]}]}<\/script>\n<!-- \/ Yoast SEO plugin. -->","yoast_head_json":{"title":"Pol\u00edtica de calidad - UPBRANDS","description":"Nuestra pol\u00edtica de calidad es el marco que gu\u00eda cada uno de nuestros proyectos. Nos impulsa a mejorar constantemente.","robots":{"index":"index","follow":"follow","max-snippet":"max-snippet:-1","max-image-preview":"max-image-preview:large","max-video-preview":"max-video-preview:-1"},"canonical":"https:\/\/upbrands.agency\/en\/politica-de-calidad\/","og_locale":"en_US","og_type":"article","og_title":"Pol\u00edtica de calidad - UPBRANDS","og_description":"Nuestra pol\u00edtica de calidad es el marco que gu\u00eda cada uno de nuestros proyectos. Nos impulsa a mejorar constantemente.","og_url":"https:\/\/upbrands.agency\/en\/politica-de-calidad\/","og_site_name":"UPBRANDS","article_modified_time":"2026-02-22T17:34:42+00:00","twitter_card":"summary_large_image","schema":{"@context":"https:\/\/schema.org","@graph":[{"@type":"WebPage","@id":"https:\/\/upbrands.agency\/politica-de-calidad\/","url":"https:\/\/upbrands.agency\/politica-de-calidad\/","name":"Pol\u00edtica de calidad - UPBRANDS","isPartOf":{"@id":"https:\/\/upbrands.agency\/#website"},"datePublished":"2025-03-26T20:54:38+00:00","dateModified":"2026-02-22T17:34:42+00:00","description":"Nuestra pol\u00edtica de calidad es el marco que gu\u00eda cada uno de nuestros proyectos. Nos impulsa a mejorar constantemente.","breadcrumb":{"@id":"https:\/\/upbrands.agency\/politica-de-calidad\/#breadcrumb"},"inLanguage":"en-US","potentialAction":[{"@type":"ReadAction","target":["https:\/\/upbrands.agency\/politica-de-calidad\/"]}]},{"@type":"BreadcrumbList","@id":"https:\/\/upbrands.agency\/politica-de-calidad\/#breadcrumb","itemListElement":[{"@type":"ListItem","position":1,"name":"Home","item":"https:\/\/upbrands.agency\/"},{"@type":"ListItem","position":2,"name":"Pol\u00edtica de calidad"}]},{"@type":"WebSite","@id":"https:\/\/upbrands.agency\/#website","url":"https:\/\/upbrands.agency\/","name":"UPBRANDS","description":"Productos digitales que marcan la diferencia","publisher":{"@id":"https:\/\/upbrands.agency\/#organization"},"potentialAction":[{"@type":"SearchAction","target":{"@type":"EntryPoint","urlTemplate":"https:\/\/upbrands.agency\/?s={search_term_string}"},"query-input":{"@type":"PropertyValueSpecification","valueRequired":true,"valueName":"search_term_string"}}],"inLanguage":"en-US"},{"@type":"Organization","@id":"https:\/\/upbrands.agency\/#organization","name":"UPBRANDS S.R.L.","url":"https:\/\/upbrands.agency\/","logo":{"@type":"ImageObject","inLanguage":"en-US","@id":"https:\/\/upbrands.agency\/#\/schema\/logo\/image\/","url":"https:\/\/upbrands.agency\/app\/uploads\/2025\/03\/upbrands.svg","contentUrl":"https:\/\/upbrands.agency\/app\/uploads\/2025\/03\/upbrands.svg","caption":"UPBRANDS S.R.L."},"image":{"@id":"https:\/\/upbrands.agency\/#\/schema\/logo\/image\/"},"sameAs":["https:\/\/instagram.com\/upbrands.agency","https:\/\/clutch.co\/profile\/upbrands","https:\/\/linkedin.com\/company\/upbrands"]}]}},"_links":{"self":[{"href":"https:\/\/upbrands.agency\/en\/wp-json\/wp\/v2\/pages\/191"}],"collection":[{"href":"https:\/\/upbrands.agency\/en\/wp-json\/wp\/v2\/pages"}],"about":[{"href":"https:\/\/upbrands.agency\/en\/wp-json\/wp\/v2\/types\/page"}],"author":[{"embeddable":true,"href":"https:\/\/upbrands.agency\/en\/wp-json\/wp\/v2\/users\/1"}],"replies":[{"embeddable":true,"href":"https:\/\/upbrands.agency\/en\/wp-json\/wp\/v2\/comments?post=191"}],"version-history":[{"count":3,"href":"https:\/\/upbrands.agency\/en\/wp-json\/wp\/v2\/pages\/191\/revisions"}],"predecessor-version":[{"id":6662,"href":"https:\/\/upbrands.agency\/en\/wp-json\/wp\/v2\/pages\/191\/revisions\/6662"}],"wp:attachment":[{"href":"https:\/\/upbrands.agency\/en\/wp-json\/wp\/v2\/media?parent=191"}],"curies":[{"name":"wp","href":"https:\/\/api.w.org\/{rel}","templated":true}]}}