{"id":100,"date":"2025-03-26T16:29:30","date_gmt":"2025-03-26T19:29:30","guid":{"rendered":"https:\/\/upbrands.agency\/?page_id=100"},"modified":"2025-03-27T12:17:16","modified_gmt":"2025-03-27T15:17:16","slug":"nuestra-experiencia","status":"publish","type":"page","link":"https:\/\/upbrands.agency\/en\/nuestra-experiencia\/","title":{"rendered":"Our Experience"},"content":{"rendered":"<section class=\"section intro\">\n      <div class=\"md:px-9\">\n        <p class=\"head\">Our Experience <\/p>\n        <h1>High-performance digital solutions we\u2019re proud of<\/h1>\n\n      <\/div>\n    <\/section>\n\n\n\t   \n  <section class=\"py-20\">\n      <div class=\"section\">\n      \n      <div class=\"grid grid-cols-1 gap-8 md:grid-cols-3 py-14 casos-single\">\n\n                  \n <div class=\"content-post\" id=\"content-6788\">\n <a href=\"https:\/\/upbrands.agency\/en\/qhapaq-nan\/\">\n\t<img decoding=\"async\" class=\"object-cover aspect-video md:aspect-auto\" src=\"https:\/\/upbrands.agency\/app\/uploads\/2026\/03\/Web.jpg\" alt=\"\">\n\t<p class=\"head lg:pt-8 pt-6 lg:pb-8 !pb-6\"><u>UNESCO \u2013 ICANH<\/u> | Comunidad<\/p>\n\t<h3 class=\"mb-4\">\n\t\tColaboramos en la conservaci\u00f3n del Qhapaq \u00d1an\n\t<\/h3>\n\t<span href=\"https:\/\/upbrands.agency\/en\/qhapaq-nan\/\" class=\"link\">More details<\/span>\n\t<\/a>\n <\/div>\n \n                   \n <div class=\"content-post\" id=\"content-6762\">\n <a href=\"https:\/\/upbrands.agency\/en\/estrategia-digital-y-optimizacion-del-embudo-de-ventas-para-ohlimpia\/\">\n\t<img decoding=\"async\" class=\"object-cover aspect-video md:aspect-auto\" src=\"https:\/\/upbrands.agency\/app\/uploads\/2026\/03\/OHLIMPIA.jpg\" alt=\"\">\n\t<p class=\"head lg:pt-8 pt-6 lg:pb-8 !pb-6\"><u>Ohlimpia<\/u> | Servivios<\/p>\n\t<h3 class=\"mb-4\">\n\t\tEstrategia digital y optimizaci\u00f3n del embudo de ventas para Ohlimpia\n\t<\/h3>\n\t<span href=\"https:\/\/upbrands.agency\/en\/estrategia-digital-y-optimizacion-del-embudo-de-ventas-para-ohlimpia\/\" class=\"link\">More details<\/span>\n\t<\/a>\n <\/div>\n \n                   \n <div class=\"content-post\" id=\"content-6457\">\n <a href=\"https:\/\/upbrands.agency\/en\/impulsando-la-experiencia-y-expansion-global-de-ayma\/\">\n\t<img decoding=\"async\" class=\"object-cover aspect-video md:aspect-auto\" src=\"https:\/\/upbrands.agency\/app\/uploads\/2025\/12\/AYMA-WEB.jpg\" alt=\"\">\n\t<p class=\"head lg:pt-8 pt-6 lg:pb-8 !pb-6\"><u>Ayma<\/u> | Apparel<\/p>\n\t<h3 class=\"mb-4\">\n\t\tEnhancing AYMA\u2019s Experience and Global Expansion\n\t<\/h3>\n\t<span href=\"https:\/\/upbrands.agency\/en\/impulsando-la-experiencia-y-expansion-global-de-ayma\/\" class=\"link\">More details<\/span>\n\t<\/a>\n <\/div>\n \n                   \n <div class=\"content-post\" id=\"content-6438\">\n <a href=\"https:\/\/upbrands.agency\/en\/la-esencia-de-naked-lunch-reinterpretada-en-digital\/\">\n\t<img decoding=\"async\" class=\"object-cover aspect-video md:aspect-auto\" src=\"https:\/\/upbrands.agency\/app\/uploads\/2025\/12\/NAKED-LUNCH-WEB.jpg\" alt=\"\">\n\t<p class=\"head lg:pt-8 pt-6 lg:pb-8 !pb-6\"><u>Naked Lunch<\/u> | Supplements<\/p>\n\t<h3 class=\"mb-4\">\n\t\tThe Essence of Naked Lunch, Reimagined in Digital\n\t<\/h3>\n\t<span href=\"https:\/\/upbrands.agency\/en\/la-esencia-de-naked-lunch-reinterpretada-en-digital\/\" class=\"link\">More details<\/span>\n\t<\/a>\n <\/div>\n \n                   \n <div class=\"content-post\" id=\"content-5658\">\n <a href=\"https:\/\/upbrands.agency\/en\/rebranding-y-estrategia-digital-para-new-energy-solutions-innovacion-en-transicion-energetica\/\">\n\t<img decoding=\"async\" class=\"object-cover aspect-video md:aspect-auto\" src=\"https:\/\/upbrands.agency\/app\/uploads\/2025\/10\/NES.jpg\" alt=\"\">\n\t<p class=\"head lg:pt-8 pt-6 lg:pb-8 !pb-6\"><u>New Energy Solutions (Caracor SA)<\/u> | Electric Mobility<\/p>\n\t<h3 class=\"mb-4\">\n\t\tRebranding and digital strategy for New Energy Solutions: innovation in energy transition\n\t<\/h3>\n\t<span href=\"https:\/\/upbrands.agency\/en\/rebranding-y-estrategia-digital-para-new-energy-solutions-innovacion-en-transicion-energetica\/\" class=\"link\">More details<\/span>\n\t<\/a>\n <\/div>\n \n                   \n <div class=\"content-post\" id=\"content-5653\">\n <a href=\"https:\/\/upbrands.agency\/en\/branding-y-estrategia-digital-para-m%c2%b2-group-real-estate-de-lujo-en-florida\/\">\n\t<img decoding=\"async\" class=\"object-cover aspect-video md:aspect-auto\" src=\"https:\/\/upbrands.agency\/app\/uploads\/2025\/10\/mansurmedina.webp\" alt=\"\">\n\t<p class=\"head lg:pt-8 pt-6 lg:pb-8 !pb-6\"><u>Mansur Medina<\/u> | Real Estate<\/p>\n\t<h3 class=\"mb-4\">\n\t\tBranding and digital strategy for M\u00b2 Group: luxury real estate in Florida\n\t<\/h3>\n\t<span href=\"https:\/\/upbrands.agency\/en\/branding-y-estrategia-digital-para-m%c2%b2-group-real-estate-de-lujo-en-florida\/\" class=\"link\">More details<\/span>\n\t<\/a>\n <\/div>\n \n                   \n <div class=\"content-post\" id=\"content-5646\">\n <a href=\"https:\/\/upbrands.agency\/en\/mejoramos-la-identidad-digital-de-cemenpox-mediante-una-visual-coherente-y-contenido-de-valor\/\">\n\t<img decoding=\"async\" class=\"object-cover aspect-video md:aspect-auto\" src=\"https:\/\/upbrands.agency\/app\/uploads\/2025\/10\/01-a.png\" alt=\"\">\n\t<p class=\"head lg:pt-8 pt-6 lg:pb-8 !pb-6\"><u>Cemenpox<\/u> | Construction<\/p>\n\t<h3 class=\"mb-4\">\n\t\tStrengthening Cemenpox\u2019s Digital Identity Through Cohesive Visual Strategy and Value-Driven Content\n\t<\/h3>\n\t<span href=\"https:\/\/upbrands.agency\/en\/mejoramos-la-identidad-digital-de-cemenpox-mediante-una-visual-coherente-y-contenido-de-valor\/\" class=\"link\">More details<\/span>\n\t<\/a>\n <\/div>\n \n                   \n <div class=\"content-post\" id=\"content-5641\">\n <a href=\"https:\/\/upbrands.agency\/en\/estrategia-de-prospecting-digital-para-ecofactory-sustentabilidad-con-alcance\/\">\n\t<img decoding=\"async\" class=\"object-cover aspect-video md:aspect-auto\" src=\"https:\/\/upbrands.agency\/app\/uploads\/2025\/10\/banner-900-x-420.png\" alt=\"\">\n\t<p class=\"head lg:pt-8 pt-6 lg:pb-8 !pb-6\"><u>Ecofactory<\/u> | Sustainability<\/p>\n\t<h3 class=\"mb-4\">\n\t\tDigital Prospecting Strategy for Ecofactory: Sustainability with Scalable Reach\n\t<\/h3>\n\t<span href=\"https:\/\/upbrands.agency\/en\/estrategia-de-prospecting-digital-para-ecofactory-sustentabilidad-con-alcance\/\" class=\"link\">More details<\/span>\n\t<\/a>\n <\/div>\n \n                   \n <div class=\"content-post\" id=\"content-5635\">\n <a href=\"https:\/\/upbrands.agency\/en\/ecosistema-digital-para-prospero\/\">\n\t<img decoding=\"async\" class=\"object-cover aspect-video md:aspect-auto\" src=\"https:\/\/upbrands.agency\/app\/uploads\/2025\/10\/prospero-scaled.webp\" alt=\"\">\n\t<p class=\"head lg:pt-8 pt-6 lg:pb-8 !pb-6\"><u>Prospero<\/u> | Merchandising<\/p>\n\t<h3 class=\"mb-4\">\n\t\tDigital ecosystem for Prospero: We revamped their website to maximize business opportunities.\n\t<\/h3>\n\t<span href=\"https:\/\/upbrands.agency\/en\/ecosistema-digital-para-prospero\/\" class=\"link\">More details<\/span>\n\t<\/a>\n <\/div>\n \n                   \n <div class=\"content-post\" id=\"content-5630\">\n <a href=\"https:\/\/upbrands.agency\/en\/digitalizamos-la-experiencia-de-los-socios-de-la-cooperativa-de-oliva\/\">\n\t<img decoding=\"async\" class=\"object-cover aspect-video md:aspect-auto\" src=\"https:\/\/upbrands.agency\/app\/uploads\/2025\/10\/cooperativaOlivaApp.webp\" alt=\"\">\n\t<p class=\"head lg:pt-8 pt-6 lg:pb-8 !pb-6\"><u>Cooperativa de Obras y Servicios P\u00fablicos de Oliva<\/u> | Public Services<\/p>\n\t<h3 class=\"mb-4\">\n\t\tDigitalizamos la experiencia de los socios de la Cooperativa de Oliva\n\t<\/h3>\n\t<span href=\"https:\/\/upbrands.agency\/en\/digitalizamos-la-experiencia-de-los-socios-de-la-cooperativa-de-oliva\/\" class=\"link\">More details<\/span>\n\t<\/a>\n <\/div>\n \n                   \n <div class=\"content-post\" id=\"content-165\">\n <a href=\"https:\/\/upbrands.agency\/en\/plan-chevrolet\/\">\n\t<img decoding=\"async\" class=\"object-cover aspect-video md:aspect-auto\" src=\"https:\/\/upbrands.agency\/app\/uploads\/2025\/03\/plan_chevrolet-scaled.webp\" alt=\"\">\n\t<p class=\"head lg:pt-8 pt-6 lg:pb-8 !pb-6\"><u>Plan Chevrolet x Tu Producto<\/u> | Automotriz<\/p>\n\t<h3 class=\"mb-4\">\n\t\tDise\u00f1amos un sitio web exclusivo de merchandising para Plan Chevrolet, en conjunto con Tu Producto\n\t<\/h3>\n\t<span href=\"https:\/\/upbrands.agency\/en\/plan-chevrolet\/\" class=\"link\">More details<\/span>\n\t<\/a>\n <\/div>\n \n                   \n <div class=\"content-post\" id=\"content-80\">\n <a href=\"https:\/\/upbrands.agency\/en\/zecat\/\">\n\t<img decoding=\"async\" class=\"object-cover aspect-video md:aspect-auto\" src=\"https:\/\/upbrands.agency\/app\/uploads\/2025\/03\/zecat_botella.webp\" alt=\"\">\n\t<p class=\"head lg:pt-8 pt-6 lg:pb-8 !pb-6\"><u>Zecat<\/u> | Merchandising<\/p>\n\t<h3 class=\"mb-4\">\n\t\tAcompa\u00f1amos a Zecat en su crecimiento en Argentina y Chile, con +600 cuentas creadas\n\t<\/h3>\n\t<span href=\"https:\/\/upbrands.agency\/en\/zecat\/\" class=\"link\">More details<\/span>\n\t<\/a>\n <\/div>\n \n                   \n <div class=\"content-post\" id=\"content-36\">\n <a href=\"https:\/\/upbrands.agency\/en\/colaboramos-con-bibliomanager-en-el-desarrollo-de-su-nueva-interfaz\/\">\n\t<img decoding=\"async\" class=\"object-cover aspect-video md:aspect-auto\" src=\"https:\/\/upbrands.agency\/app\/uploads\/2025\/03\/bibliomanager.webp\" alt=\"\">\n\t<p class=\"head lg:pt-8 pt-6 lg:pb-8 !pb-6\"><u>Bibliomanager<\/u> | SaaS<\/p>\n\t<h3 class=\"mb-4\">\n\t\tColaboramos con Bibliomanager en el desarrollo de su nueva interfaz.\n\t<\/h3>\n\t<span href=\"https:\/\/upbrands.agency\/en\/colaboramos-con-bibliomanager-en-el-desarrollo-de-su-nueva-interfaz\/\" class=\"link\">More details<\/span>\n\t<\/a>\n <\/div>\n \n                   \n <div class=\"content-post\" id=\"content-81\">\n <a href=\"https:\/\/upbrands.agency\/en\/usn\/\">\n\t<img decoding=\"async\" class=\"object-cover aspect-video md:aspect-auto\" src=\"https:\/\/upbrands.agency\/app\/uploads\/2025\/03\/9C2DB7AB-E6AA-4D5C-B9EA-AAF40F422B9D.jpg\" alt=\"\">\n\t<p class=\"head lg:pt-8 pt-6 lg:pb-8 !pb-6\"><u>USN<\/u> | Supplements<\/p>\n\t<h3 class=\"mb-4\">\n\t\tAcompa\u00f1amos la estrategia comercial de USN en el entorno digital\n\t<\/h3>\n\t<span href=\"https:\/\/upbrands.agency\/en\/usn\/\" class=\"link\">More details<\/span>\n\t<\/a>\n <\/div>\n \n                   \n <div class=\"content-post\" id=\"content-83\">\n <a href=\"https:\/\/upbrands.agency\/en\/compost\/\">\n\t<img decoding=\"async\" class=\"object-cover aspect-video md:aspect-auto\" src=\"https:\/\/upbrands.agency\/app\/uploads\/2025\/03\/S.jpg\" alt=\"\">\n\t<p class=\"head lg:pt-8 pt-6 lg:pb-8 !pb-6\"><u>Compost.ar<\/u> | Sustainability<\/p>\n\t<h3 class=\"mb-4\">\n\t\t\u00bfSab\u00edas que compostar es super f\u00e1cil? Te presentamos las nuevas composteras de Ecofactory\n\t<\/h3>\n\t<span href=\"https:\/\/upbrands.agency\/en\/compost\/\" class=\"link\">More details<\/span>\n\t<\/a>\n <\/div>\n \n                   \n <div class=\"content-post\" id=\"content-177\">\n <a href=\"https:\/\/upbrands.agency\/en\/paleson\/\">\n\t<img decoding=\"async\" class=\"object-cover aspect-video md:aspect-auto\" src=\"https:\/\/upbrands.agency\/app\/uploads\/2025\/03\/paleson.webp\" alt=\"\">\n\t<p class=\"head lg:pt-8 pt-6 lg:pb-8 !pb-6\"><u>Paleson<\/u> | Electric Mobility<\/p>\n\t<h3 class=\"mb-4\">\n\t\tDurante 3 a\u00f1os, gestionamos la comunicaci\u00f3n de Paleson en redes sociales\n\t<\/h3>\n\t<span href=\"https:\/\/upbrands.agency\/en\/paleson\/\" class=\"link\">More details<\/span>\n\t<\/a>\n <\/div>\n \n                   \n <div class=\"content-post\" id=\"content-174\">\n <a href=\"https:\/\/upbrands.agency\/en\/comunidad-medica\/\">\n\t<img decoding=\"async\" class=\"object-cover aspect-video md:aspect-auto\" src=\"https:\/\/upbrands.agency\/app\/uploads\/2025\/03\/comunidad.webp\" alt=\"\">\n\t<p class=\"head lg:pt-8 pt-6 lg:pb-8 !pb-6\"><u>Comunidad M\u00e9dica<\/u> | Salud<\/p>\n\t<h3 class=\"mb-4\">\n\t\tTomando como base un desarrollo previo, redise\u00f1amos por completo la interfaz de usuario de Comunidad M\u00e9dica\n\t<\/h3>\n\t<span href=\"https:\/\/upbrands.agency\/en\/comunidad-medica\/\" class=\"link\">More details<\/span>\n\t<\/a>\n <\/div>\n \n                   \n <div class=\"content-post\" id=\"content-166\">\n <a href=\"https:\/\/upbrands.agency\/en\/asociacion-toxicologica-argentina\/\">\n\t<img decoding=\"async\" class=\"object-cover aspect-video md:aspect-auto\" src=\"https:\/\/upbrands.agency\/app\/uploads\/2025\/03\/ATA-Placas-Junio-04.jpg\" alt=\"\">\n\t<p class=\"head lg:pt-8 pt-6 lg:pb-8 !pb-6\"><u>Asociaci\u00f3n Toxicol\u00f3gica Argentina<\/u> | Salud<\/p>\n\t<h3 class=\"mb-4\">\n\t\tGestionamos las redes sociales de la Asociaci\u00f3n Toxicol\u00f3gica Argentina en la etapa de preparaci\u00f3n de su Congreso anual\n\t<\/h3>\n\t<span href=\"https:\/\/upbrands.agency\/en\/asociacion-toxicologica-argentina\/\" class=\"link\">More details<\/span>\n\t<\/a>\n <\/div>\n \n                   \n <div class=\"content-post\" id=\"content-164\">\n <a href=\"https:\/\/upbrands.agency\/en\/tu-producto\/\">\n\t<img decoding=\"async\" class=\"object-cover aspect-video md:aspect-auto\" src=\"https:\/\/upbrands.agency\/app\/uploads\/2025\/03\/Banner-paso-a-paso-mobile.jpg\" alt=\"\">\n\t<p class=\"head lg:pt-8 pt-6 lg:pb-8 !pb-6\"><u>Tu Producto<\/u> | Merchandising<\/p>\n\t<h3 class=\"mb-4\">\n\t\tCambiamos la forma de interacci\u00f3n de Tu Producto con sus clientes, alineandolos a las necesidades actuales del mercado B2B\n\t<\/h3>\n\t<span href=\"https:\/\/upbrands.agency\/en\/tu-producto\/\" class=\"link\">More details<\/span>\n\t<\/a>\n <\/div>\n \n                   \n <div class=\"content-post\" id=\"content-162\">\n <a href=\"https:\/\/upbrands.agency\/en\/praxent\/\">\n\t<img decoding=\"async\" class=\"object-cover aspect-video md:aspect-auto\" src=\"https:\/\/upbrands.agency\/app\/uploads\/2025\/03\/praxent-scaled.webp\" alt=\"\">\n\t<p class=\"head lg:pt-8 pt-6 lg:pb-8 !pb-6\"><u>Praxent<\/u> | SaaS<\/p>\n\t<h3 class=\"mb-4\">\n\t\tDesarrollamos una interfaz intuitiva, mobile-first, con foco en la conversi\u00f3n y performance\n\t<\/h3>\n\t<span href=\"https:\/\/upbrands.agency\/en\/praxent\/\" class=\"link\">More details<\/span>\n\t<\/a>\n <\/div>\n \n                   \n <div class=\"content-post\" id=\"content-85\">\n <a href=\"https:\/\/upbrands.agency\/en\/fire-on-ice\/\">\n\t<img decoding=\"async\" class=\"object-cover aspect-video md:aspect-auto\" src=\"https:\/\/upbrands.agency\/app\/uploads\/2025\/03\/Foto-Ski-2.jpg\" alt=\"\">\n\t<p class=\"head lg:pt-8 pt-6 lg:pb-8 !pb-6\"><u>Fire on Ice<\/u> | Turismo<\/p>\n\t<h3 class=\"mb-4\">\n\t\tPosicionamos a Fire on Ice en las redes como una de las escuelas de referencia en la Patagonia Argentina\n\t<\/h3>\n\t<span href=\"https:\/\/upbrands.agency\/en\/fire-on-ice\/\" class=\"link\">More details<\/span>\n\t<\/a>\n <\/div>\n \n                   \n <div class=\"content-post\" id=\"content-84\">\n <a href=\"https:\/\/upbrands.agency\/en\/megabranding\/\">\n\t<img decoding=\"async\" class=\"object-cover aspect-video md:aspect-auto\" src=\"https:\/\/upbrands.agency\/app\/uploads\/2025\/03\/Post-Marzo-Megabranding-07.jpg\" alt=\"\">\n\t<p class=\"head lg:pt-8 pt-6 lg:pb-8 !pb-6\"><u>Megabranding<\/u> | Merchandising<\/p>\n\t<h3 class=\"mb-4\">\n\t\tBuscamos posicionar a Megabranding como el distribuidor N\u00b01 de merchandising en Argentina y Chile\n\t<\/h3>\n\t<span href=\"https:\/\/upbrands.agency\/en\/megabranding\/\" class=\"link\">More details<\/span>\n\t<\/a>\n <\/div>\n \n         \n      <\/div>\n    <\/div>\n  <div class=\"bg-offwhite\">\n      <div class=\"items-center justify-between gap-32 md:flex section py-36\">\n        <h3 class=\"w-full pb-8 md:max-w-96 md-pb-0\">We have experience working with both B2B and B2C companies.<\/h3>\n        <a href=\"#contacto\" class=\"flex-shrink-0 link\">Let's connect<\/a>\n      <\/div>\n  <\/div>\n<\/section>","protected":false},"excerpt":{"rendered":"","protected":false},"author":1,"featured_media":0,"parent":0,"menu_order":0,"comment_status":"closed","ping_status":"closed","template":"front.php","meta":{"_acf_changed":false,"_joinchat":[],"footnotes":""},"class_list":["post-100","page","type-page","status-publish","hentry"],"acf":[],"yoast_head":"<!-- This site is optimized with the Yoast SEO plugin v23.5 - https:\/\/yoast.com\/wordpress\/plugins\/seo\/ -->\n<title>Nuestra experiencia - UPBRANDS<\/title>\n<meta name=\"description\" content=\"Tenemos experiencia trabajando con empresas B2B y B2C. Forjamos relaciones estrat\u00e9gicas a largo plazo con clientes y partners\" \/>\n<meta name=\"robots\" content=\"index, follow, max-snippet:-1, max-image-preview:large, max-video-preview:-1\" \/>\n<link rel=\"canonical\" href=\"https:\/\/upbrands.agency\/en\/nuestra-experiencia\/\" \/>\n<meta property=\"og:locale\" content=\"en_US\" \/>\n<meta property=\"og:type\" content=\"article\" \/>\n<meta property=\"og:title\" content=\"Nuestra experiencia - UPBRANDS\" \/>\n<meta property=\"og:description\" content=\"Tenemos experiencia trabajando con empresas B2B y B2C. Forjamos relaciones estrat\u00e9gicas a largo plazo con clientes y partners\" \/>\n<meta property=\"og:url\" content=\"https:\/\/upbrands.agency\/en\/nuestra-experiencia\/\" \/>\n<meta property=\"og:site_name\" content=\"UPBRANDS\" \/>\n<meta property=\"article:modified_time\" content=\"2025-03-27T15:17:16+00:00\" \/>\n<meta name=\"twitter:card\" content=\"summary_large_image\" \/>\n<script type=\"application\/ld+json\" class=\"yoast-schema-graph\">{\"@context\":\"https:\/\/schema.org\",\"@graph\":[{\"@type\":\"WebPage\",\"@id\":\"https:\/\/upbrands.agency\/nuestra-experiencia\/\",\"url\":\"https:\/\/upbrands.agency\/nuestra-experiencia\/\",\"name\":\"Nuestra experiencia - UPBRANDS\",\"isPartOf\":{\"@id\":\"https:\/\/upbrands.agency\/#website\"},\"datePublished\":\"2025-03-26T19:29:30+00:00\",\"dateModified\":\"2025-03-27T15:17:16+00:00\",\"description\":\"Tenemos experiencia trabajando con empresas B2B y B2C. Forjamos relaciones estrat\u00e9gicas a largo plazo con clientes y partners\",\"breadcrumb\":{\"@id\":\"https:\/\/upbrands.agency\/nuestra-experiencia\/#breadcrumb\"},\"inLanguage\":\"en-US\",\"potentialAction\":[{\"@type\":\"ReadAction\",\"target\":[\"https:\/\/upbrands.agency\/nuestra-experiencia\/\"]}]},{\"@type\":\"BreadcrumbList\",\"@id\":\"https:\/\/upbrands.agency\/nuestra-experiencia\/#breadcrumb\",\"itemListElement\":[{\"@type\":\"ListItem\",\"position\":1,\"name\":\"Home\",\"item\":\"https:\/\/upbrands.agency\/\"},{\"@type\":\"ListItem\",\"position\":2,\"name\":\"Nuestra experiencia\"}]},{\"@type\":\"WebSite\",\"@id\":\"https:\/\/upbrands.agency\/#website\",\"url\":\"https:\/\/upbrands.agency\/\",\"name\":\"UPBRANDS\",\"description\":\"Productos digitales que marcan la diferencia\",\"publisher\":{\"@id\":\"https:\/\/upbrands.agency\/#organization\"},\"potentialAction\":[{\"@type\":\"SearchAction\",\"target\":{\"@type\":\"EntryPoint\",\"urlTemplate\":\"https:\/\/upbrands.agency\/?s={search_term_string}\"},\"query-input\":{\"@type\":\"PropertyValueSpecification\",\"valueRequired\":true,\"valueName\":\"search_term_string\"}}],\"inLanguage\":\"en-US\"},{\"@type\":\"Organization\",\"@id\":\"https:\/\/upbrands.agency\/#organization\",\"name\":\"UPBRANDS S.R.L.\",\"url\":\"https:\/\/upbrands.agency\/\",\"logo\":{\"@type\":\"ImageObject\",\"inLanguage\":\"en-US\",\"@id\":\"https:\/\/upbrands.agency\/#\/schema\/logo\/image\/\",\"url\":\"https:\/\/upbrands.agency\/app\/uploads\/2025\/03\/upbrands.svg\",\"contentUrl\":\"https:\/\/upbrands.agency\/app\/uploads\/2025\/03\/upbrands.svg\",\"caption\":\"UPBRANDS S.R.L.\"},\"image\":{\"@id\":\"https:\/\/upbrands.agency\/#\/schema\/logo\/image\/\"},\"sameAs\":[\"https:\/\/instagram.com\/upbrands.agency\",\"https:\/\/clutch.co\/profile\/upbrands\",\"https:\/\/linkedin.com\/company\/upbrands\"]}]}<\/script>\n<!-- \/ Yoast SEO plugin. -->","yoast_head_json":{"title":"Nuestra experiencia - UPBRANDS","description":"Tenemos experiencia trabajando con empresas B2B y B2C. Forjamos relaciones estrat\u00e9gicas a largo plazo con clientes y partners","robots":{"index":"index","follow":"follow","max-snippet":"max-snippet:-1","max-image-preview":"max-image-preview:large","max-video-preview":"max-video-preview:-1"},"canonical":"https:\/\/upbrands.agency\/en\/nuestra-experiencia\/","og_locale":"en_US","og_type":"article","og_title":"Nuestra experiencia - UPBRANDS","og_description":"Tenemos experiencia trabajando con empresas B2B y B2C. Forjamos relaciones estrat\u00e9gicas a largo plazo con clientes y partners","og_url":"https:\/\/upbrands.agency\/en\/nuestra-experiencia\/","og_site_name":"UPBRANDS","article_modified_time":"2025-03-27T15:17:16+00:00","twitter_card":"summary_large_image","schema":{"@context":"https:\/\/schema.org","@graph":[{"@type":"WebPage","@id":"https:\/\/upbrands.agency\/nuestra-experiencia\/","url":"https:\/\/upbrands.agency\/nuestra-experiencia\/","name":"Nuestra experiencia - UPBRANDS","isPartOf":{"@id":"https:\/\/upbrands.agency\/#website"},"datePublished":"2025-03-26T19:29:30+00:00","dateModified":"2025-03-27T15:17:16+00:00","description":"Tenemos experiencia trabajando con empresas B2B y B2C. Forjamos relaciones estrat\u00e9gicas a largo plazo con clientes y partners","breadcrumb":{"@id":"https:\/\/upbrands.agency\/nuestra-experiencia\/#breadcrumb"},"inLanguage":"en-US","potentialAction":[{"@type":"ReadAction","target":["https:\/\/upbrands.agency\/nuestra-experiencia\/"]}]},{"@type":"BreadcrumbList","@id":"https:\/\/upbrands.agency\/nuestra-experiencia\/#breadcrumb","itemListElement":[{"@type":"ListItem","position":1,"name":"Home","item":"https:\/\/upbrands.agency\/"},{"@type":"ListItem","position":2,"name":"Nuestra experiencia"}]},{"@type":"WebSite","@id":"https:\/\/upbrands.agency\/#website","url":"https:\/\/upbrands.agency\/","name":"UPBRANDS","description":"Productos digitales que marcan la diferencia","publisher":{"@id":"https:\/\/upbrands.agency\/#organization"},"potentialAction":[{"@type":"SearchAction","target":{"@type":"EntryPoint","urlTemplate":"https:\/\/upbrands.agency\/?s={search_term_string}"},"query-input":{"@type":"PropertyValueSpecification","valueRequired":true,"valueName":"search_term_string"}}],"inLanguage":"en-US"},{"@type":"Organization","@id":"https:\/\/upbrands.agency\/#organization","name":"UPBRANDS S.R.L.","url":"https:\/\/upbrands.agency\/","logo":{"@type":"ImageObject","inLanguage":"en-US","@id":"https:\/\/upbrands.agency\/#\/schema\/logo\/image\/","url":"https:\/\/upbrands.agency\/app\/uploads\/2025\/03\/upbrands.svg","contentUrl":"https:\/\/upbrands.agency\/app\/uploads\/2025\/03\/upbrands.svg","caption":"UPBRANDS S.R.L."},"image":{"@id":"https:\/\/upbrands.agency\/#\/schema\/logo\/image\/"},"sameAs":["https:\/\/instagram.com\/upbrands.agency","https:\/\/clutch.co\/profile\/upbrands","https:\/\/linkedin.com\/company\/upbrands"]}]}},"_links":{"self":[{"href":"https:\/\/upbrands.agency\/en\/wp-json\/wp\/v2\/pages\/100"}],"collection":[{"href":"https:\/\/upbrands.agency\/en\/wp-json\/wp\/v2\/pages"}],"about":[{"href":"https:\/\/upbrands.agency\/en\/wp-json\/wp\/v2\/types\/page"}],"author":[{"embeddable":true,"href":"https:\/\/upbrands.agency\/en\/wp-json\/wp\/v2\/users\/1"}],"replies":[{"embeddable":true,"href":"https:\/\/upbrands.agency\/en\/wp-json\/wp\/v2\/comments?post=100"}],"version-history":[{"count":4,"href":"https:\/\/upbrands.agency\/en\/wp-json\/wp\/v2\/pages\/100\/revisions"}],"predecessor-version":[{"id":184,"href":"https:\/\/upbrands.agency\/en\/wp-json\/wp\/v2\/pages\/100\/revisions\/184"}],"wp:attachment":[{"href":"https:\/\/upbrands.agency\/en\/wp-json\/wp\/v2\/media?parent=100"}],"curies":[{"name":"wp","href":"https:\/\/api.w.org\/{rel}","templated":true}]}}